{"id":41,"date":"2022-02-17T01:52:48","date_gmt":"2022-02-17T01:52:48","guid":{"rendered":"https:\/\/asri.casethemes.net\/business-consulting\/?page_id=41"},"modified":"2025-04-22T15:26:13","modified_gmt":"2025-04-22T13:26:13","slug":"kontakt","status":"publish","type":"page","link":"https:\/\/design.zone360.sk\/de\/kontakt\/","title":{"rendered":"Kontakt"},"content":{"rendered":"<div data-elementor-type=\"wp-page\" data-elementor-id=\"41\" class=\"elementor elementor-41\" data-elementor-post-type=\"page\">\n\t\t\t\t        <section class=\"elementor-section elementor-top-section elementor-element elementor-element-fe728ec elementor-section-stretched elementor-section-boxed elementor-section-height-default elementor-section-height-default pxl-type-header-none pxl-row-scroll-none pxl-bg-color-none pxl-section-overlay-none\" data-id=\"fe728ec\" data-element_type=\"section\" data-settings=\"{&quot;stretch_section&quot;:&quot;section-stretched&quot;,&quot;background_background&quot;:&quot;classic&quot;}\">\n\n                \n                <div class=\"elementor-container elementor-column-gap-extended\">\n                <div class=\"elementor-column elementor-col-100 elementor-top-column elementor-element elementor-element-aad3f0e pxl-col-none pxl-column-none\" data-id=\"aad3f0e\" data-element_type=\"column\">\r\n        <div class=\"elementor-widget-wrap elementor-element-populated\">\r\n                     \r\n                <section class=\"elementor-section elementor-inner-section elementor-element elementor-element-a5f2eef pxl-section-shadow1 elementor-section-boxed elementor-section-height-default elementor-section-height-default pxl-type-header-none pxl-row-scroll-none pxl-bg-color-none pxl-section-overlay-none\" data-id=\"a5f2eef\" data-element_type=\"section\" data-settings=\"{&quot;background_background&quot;:&quot;classic&quot;}\">\n\n                \n                <div class=\"elementor-container elementor-column-gap-extended\">\n                <div class=\"elementor-column elementor-col-50 elementor-inner-column elementor-element elementor-element-a930d2c pxl-col-none pxl-column-none\" data-id=\"a930d2c\" data-element_type=\"column\">\r\n        <div class=\"elementor-widget-wrap elementor-element-populated\">\r\n                     \r\n        \t\t<div class=\"elementor-element elementor-element-ca1261b elementor-widget__width-auto elementor-absolute elementor-hidden-tablet elementor-hidden-mobile elementor-widget elementor-widget-pxl_image\" data-id=\"ca1261b\" data-element_type=\"widget\" data-settings=\"{&quot;_position&quot;:&quot;absolute&quot;}\" data-widget_type=\"pxl_image.default\">\n\t\t\t\t<div class=\"elementor-widget-container\">\n\t\t\t\t\t<div id=\"pxl_image-ca1261b-3758\" class=\"pxl-image-single slide-top-to-bottom\" data-wow-delay=\"ms\" >\r\n    \r\n                        <div class=\"pxl-item--inner\">\r\n                                            <img decoding=\"async\" width=\"195\" height=\"164\" src=\"https:\/\/design.zone360.sk\/wp-content\/uploads\/2022\/03\/contact-plane.png\" class=\"no-lazyload attachment-full\" alt=\"\" \/>                                    <\/div>\r\n                \r\n    <\/div>\t\t\t\t<\/div>\n\t\t\t\t<\/div>\n\t\t\t\t<div class=\"elementor-element elementor-element-3cc7d6a elementor-widget elementor-widget-text_editor\" data-id=\"3cc7d6a\" data-element_type=\"widget\" data-widget_type=\"text_editor.default\">\n\t\t\t\t<div class=\"elementor-widget-container\">\n\t\t\t\t\t<div class=\"pxl-text-editor\">\n\t<div class=\"pxl-item--inner\" data-wow-delay=\"ms\">\n\t\t<p>SCHREIBEN SIE MIR EINE NACHRICHT<\/p>\t\t\n\t<\/div>\n<\/div>\t\t\t\t<\/div>\n\t\t\t\t<\/div>\n\t\t\t\t<div class=\"elementor-element elementor-element-c1c6d9e elementor-widget elementor-widget-contact_form\" data-id=\"c1c6d9e\" data-element_type=\"widget\" data-widget_type=\"contact_form.default\">\n\t\t\t\t<div class=\"elementor-widget-container\">\n\t\t\t\t\t    <div class=\"pxl-contact-form pxl-contact-form1 notice-style1 box-style-none button-style1 btn-w-full\" data-wow-delay=\"ms\">\r\n                \n<div class=\"wpcf7 no-js\" id=\"wpcf7-f2109-o1\" lang=\"en-US\" dir=\"ltr\" data-wpcf7-id=\"2109\">\n<div class=\"screen-reader-response\"><p role=\"status\" aria-live=\"polite\" aria-atomic=\"true\"><\/p> <ul><\/ul><\/div>\n<form action=\"\/de\/wp-json\/wp\/v2\/pages\/41#wpcf7-f2109-o1\" method=\"post\" class=\"wpcf7-form init\" aria-label=\"Contact form\" novalidate=\"novalidate\" data-status=\"init\" data-trp-original-action=\"\/de\/wp-json\/wp\/v2\/pages\/41#wpcf7-f2109-o1\">\n<div style=\"display: none;\">\n<input type=\"hidden\" name=\"_wpcf7\" value=\"2109\" \/>\n<input type=\"hidden\" name=\"_wpcf7_version\" value=\"6.0.6\" \/>\n<input type=\"hidden\" name=\"_wpcf7_locale\" value=\"en_US\" \/>\n<input type=\"hidden\" name=\"_wpcf7_unit_tag\" value=\"wpcf7-f2109-o1\" \/>\n<input type=\"hidden\" name=\"_wpcf7_container_post\" value=\"0\" \/>\n<input type=\"hidden\" name=\"_wpcf7_posted_data_hash\" value=\"\" \/>\n<\/div>\n<div class=\"pxl--item\">\n\t<p><span class=\"wpcf7-form-control-wrap\" data-name=\"your-name\"><input size=\"40\" maxlength=\"400\" class=\"wpcf7-form-control wpcf7-text wpcf7-validates-as-required\" aria-required=\"true\" aria-invalid=\"false\" placeholder=\"Dein Name\" value=\"\" type=\"text\" name=\"your-name\" \/><\/span>\n\t<\/p>\n<\/div>\n<div class=\"pxl--item\">\n\t<p><span class=\"wpcf7-form-control-wrap\" data-name=\"your-email\"><input size=\"40\" maxlength=\"400\" class=\"wpcf7-form-control wpcf7-email wpcf7-validates-as-required wpcf7-text wpcf7-validates-as-email\" aria-required=\"true\" aria-invalid=\"false\" placeholder=\"Dein E-mail\" value=\"\" type=\"email\" name=\"your-email\" \/><\/span>\n\t<\/p>\n<\/div>\n<div class=\"pxl--item\">\n\t<p><input class=\"wpcf7-form-control wpcf7-submit has-spinner\" type=\"submit\" value=\"Senden\" \/>\n\t<\/p>\n<\/div><div class=\"wpcf7-response-output\" aria-hidden=\"true\"><\/div>\n<input type=\"hidden\" name=\"trp-form-language\" value=\"de\"\/><\/form>\n<\/div>\n    <\/div>\r\n\t\t\t\t<\/div>\n\t\t\t\t<\/div>\n\t\t\t\t<div class=\"elementor-element elementor-element-328081a elementor-widget elementor-widget-text_editor\" data-id=\"328081a\" data-element_type=\"widget\" data-widget_type=\"text_editor.default\">\n\t\t\t\t<div class=\"elementor-widget-container\">\n\t\t\t\t\t<div class=\"pxl-text-editor\">\n\t<div class=\"pxl-item--inner\" data-wow-delay=\"ms\">\n\t\t<p>Normalerweise antworten wir innerhalb von 2 Stunden.<\/p>\t\t\n\t<\/div>\n<\/div>\t\t\t\t<\/div>\n\t\t\t\t<\/div>\n\t\t            <\/div>\r\n        <\/div>\r\n                <div class=\"elementor-column elementor-col-50 elementor-inner-column elementor-element elementor-element-bbb6474 pxl-col-none pxl-column-none\" data-id=\"bbb6474\" data-element_type=\"column\" data-settings=\"{&quot;background_background&quot;:&quot;classic&quot;}\">\r\n        <div class=\"elementor-widget-wrap elementor-element-populated\">\r\n                     \r\n        \t\t<div class=\"elementor-element elementor-element-0024323 elementor-widget__width-auto elementor-absolute elementor-widget-divider--view-line elementor-widget elementor-widget-divider\" data-id=\"0024323\" data-element_type=\"widget\" data-settings=\"{&quot;_position&quot;:&quot;absolute&quot;}\" data-widget_type=\"divider.default\">\n\t\t\t\t<div class=\"elementor-widget-container\">\n\t\t\t\t\t\t\t<div class=\"elementor-divider\">\n\t\t\t<span class=\"elementor-divider-separator\">\n\t\t\t\t\t\t<\/span>\n\t\t<\/div>\n\t\t\t\t\t\t<\/div>\n\t\t\t\t<\/div>\n\t\t\t\t<div class=\"elementor-element elementor-element-8d84907 elementor-widget elementor-widget-heading\" data-id=\"8d84907\" data-element_type=\"widget\" data-widget_type=\"heading.default\">\n\t\t\t\t<div class=\"elementor-widget-container\">\n\t\t\t\t\t<div id=\"pxl-heading-8d84907-3529\" class=\"pxl-heading typewriter-color\">\n\t<div class=\"pxl-heading--inner\">\n\t\t\n\t\t\t\t\t<h3 class=\"pxl-item--title  highlight-default ft-walsheim\" data-wow-delay=\"ms\">\n\t\t\t\tINFO\t\t\n\t\t\t<\/h3>\n\t\t\n\t\t\t<\/div>\n<\/div>\t\t\t\t<\/div>\n\t\t\t\t<\/div>\n\t\t\t\t<div class=\"elementor-element elementor-element-fe2f91c elementor-widget__width-initial elementor-widget elementor-widget-link\" data-id=\"fe2f91c\" data-element_type=\"widget\" data-widget_type=\"link.default\">\n\t\t\t\t<div class=\"elementor-widget-container\">\n\t\t\t\t\t    <ul id=\"pxl-link-link-fe2f91c-4272\" class=\"pxl-link pxl-link-l1  hv-style1 ft-walsheim\" data-wow-delay=\"ms\">\r\n                        <li>\r\n                    <a >\r\n                        <i aria-hidden=\"true\" class=\"flaticon flaticon-user\"><\/i>                        <span class=\"text-color\">Art&nbsp;Vibes&nbsp;Atelier&nbsp;GmBh<br\/>Michaela Kolodzej<\/span>\r\n                    <\/a>\r\n                <\/li>\r\n                        <li>\r\n                    <a href=\"#\">\r\n                        <i aria-hidden=\"true\" class=\"far fa-map-marker-edit\"><\/i>                        <span class=\"text-color\">Alpenstrasse&nbsp;5<br\/>6005&nbsp;Luzern<\/span>\r\n                    <\/a>\r\n                <\/li>\r\n                        <li>\r\n                    <a href=\"mailto:artvibesatelier@outlook.com\">\r\n                        <i aria-hidden=\"true\" class=\"far fa-comment-alt-lines\"><\/i>                        <span class=\"text-color\">artvibesatelier@outlook.com<\/span>\r\n                    <\/a>\r\n                <\/li>\r\n                        <li>\r\n                    <a href=\"tel:+41794656261\">\r\n                        <i aria-hidden=\"true\" class=\"far fa-phone-volume\"><\/i>                        <span class=\"text-color\">+41&nbsp;794&nbsp;65&nbsp;62&nbsp;61<\/span>\r\n                    <\/a>\r\n                <\/li>\r\n            <\/ul>\r\n\t\t\t\t<\/div>\n\t\t\t\t<\/div>\n\t\t\t\t<div class=\"elementor-element elementor-element-46aeeab elementor-widget elementor-widget-icon\" data-id=\"46aeeab\" data-element_type=\"widget\" data-widget_type=\"icon.default\">\n\t\t\t\t<div class=\"elementor-widget-container\">\n\t\t\t\t\t    <div class=\"pxl-icon1 hv-style-default style-round-box\" data-wow-delay=\"ms\">\r\n                                    <a class=\"elementor-repeater-item-0a3455f ps-top\" href=\"https:\/\/www.facebook.com\/profile.php?id=61575622349267\">\r\n                    <i aria-hidden=\"true\" class=\"fab fa-facebook\"><\/i>                                    <\/a>\r\n                                                            <a class=\"elementor-repeater-item-88bd58e ps-top\" href=\"https:\/\/www.instagram.com\/artvibesatelier\/\">\r\n                    <i aria-hidden=\"true\" class=\"fab fa-instagram\"><\/i>                                    <\/a>\r\n                                                            <a class=\"elementor-repeater-item-fdd809a ps-top\" href=\"https:\/\/www.tiktok.com\/@artvibesatelier?_t=ZN-8vkGRD4p1ok&amp;_r=1\">\r\n                    <i aria-hidden=\"true\" class=\"fab fa-tiktok\"><\/i>                                    <\/a>\r\n                                    <\/div>\r\n\t\t\t\t<\/div>\n\t\t\t\t<\/div>\n\t\t            <\/div>\r\n        <\/div>\r\n        \t\t\t<\/div>\n\t\t<\/section>\n\t\t            <\/div>\r\n        <\/div>\r\n        \t\t\t<\/div>\n\t\t<\/section>\n\t\t<div class=\"elementor-element elementor-element-42a1bbd e-flex e-con-boxed e-con e-parent\" data-id=\"42a1bbd\" data-element_type=\"container\">\n\t\t\t\t\t<div class=\"e-con-inner\">\n\t\t\t\t<div class=\"elementor-element elementor-element-24d9e4c elementor-widget elementor-widget-google_maps\" data-id=\"24d9e4c\" data-element_type=\"widget\" data-widget_type=\"google_maps.default\">\n\t\t\t\t<div class=\"elementor-widget-container\">\n\t\t\t\t\t\t\t<div class=\"elementor-custom-embed\">\n\t\t\t<iframe loading=\"lazy\"\n\t\t\t\t\tsrc=\"https:\/\/maps.google.com\/maps?q=Alpenstrasse%205%20Luzern&#038;t=m&#038;z=16&#038;output=embed&#038;iwloc=near\"\n\t\t\t\t\ttitle=\"Alpenstrasse 5 Luzern\"\n\t\t\t\t\taria-label=\"Alpenstrasse 5 Luzern\"\n\t\t\t><\/iframe>\n\t\t<\/div>\n\t\t\t\t\t\t<\/div>\n\t\t\t\t<\/div>\n\t\t\t\t\t<\/div>\n\t\t\t\t<\/div>\n\t\t\t\t<\/div>","protected":false},"excerpt":{"rendered":"<p>NAP\u00cd\u0160TE N\u00c1M SPR\u00c1VU Zvy\u010dajne odpoved\u00e1me do 2 hod\u00edn. INFO Art&nbsp;Vibes&nbsp;Atelier&nbsp;GmBhMichaela Kolodzej Alpenstrasse&nbsp;56005&nbsp;Luzern artvibesatelier@outlook.com +41&nbsp;794&nbsp;65&nbsp;62&nbsp;61<\/p>","protected":false},"author":1,"featured_media":0,"parent":0,"menu_order":0,"comment_status":"closed","ping_status":"closed","template":"","meta":{"footnotes":""},"class_list":["post-41","page","type-page","status-publish","hentry"],"_links":{"self":[{"href":"https:\/\/design.zone360.sk\/de\/wp-json\/wp\/v2\/pages\/41","targetHints":{"allow":["GET"]}}],"collection":[{"href":"https:\/\/design.zone360.sk\/de\/wp-json\/wp\/v2\/pages"}],"about":[{"href":"https:\/\/design.zone360.sk\/de\/wp-json\/wp\/v2\/types\/page"}],"author":[{"embeddable":true,"href":"https:\/\/design.zone360.sk\/de\/wp-json\/wp\/v2\/users\/1"}],"replies":[{"embeddable":true,"href":"https:\/\/design.zone360.sk\/de\/wp-json\/wp\/v2\/comments?post=41"}],"version-history":[{"count":25,"href":"https:\/\/design.zone360.sk\/de\/wp-json\/wp\/v2\/pages\/41\/revisions"}],"predecessor-version":[{"id":2776,"href":"https:\/\/design.zone360.sk\/de\/wp-json\/wp\/v2\/pages\/41\/revisions\/2776"}],"wp:attachment":[{"href":"https:\/\/design.zone360.sk\/de\/wp-json\/wp\/v2\/media?parent=41"}],"curies":[{"name":"wp","href":"https:\/\/api.w.org\/{rel}","templated":true}]}}